{"id":11,"date":"2018-01-25T11:28:48","date_gmt":"2018-01-25T10:28:48","guid":{"rendered":"http:\/\/labmesk.pl\/wordpress\/?page_id=11"},"modified":"2025-06-10T13:27:18","modified_gmt":"2025-06-10T11:27:18","slug":"wzorcowanie-przyrzadow","status":"publish","type":"page","link":"https:\/\/labmesk.pl\/wordpress\/","title":{"rendered":"Strona g\u0142owna"},"content":{"rendered":"<\/div><\/div><\/div><!-- close content main div --><\/div><\/div><div id='av_section_1' class='avia-section main_color avia-section-default avia-no-border-styling avia-full-stretch avia-bg-style-scroll   av-minimum-height av-minimum-height-custom container_wrap sidebar_right' style = 'background-repeat: no-repeat; background-image: url(https:\/\/labmesk.pl\/wordpress\/wp-content\/uploads\/2018\/01\/t\u0142o.jpg);background-attachment: scroll; background-position: top left; ' data-section-bg-repeat='stretch' ><div class='av-section-color-overlay-wrap'><a href='#next-section' title='' class='scroll-down-link  av-custom-scroll-down-color' style='color: #23285f;' aria-hidden='true' data-av_icon='\ue877' data-av_iconfont='entypo-fontello'><\/a><div class='container' style='height:658px'><div class='template-page content  av-content-small alpha units'><div class='post-entry post-entry-type-page post-entry-11'><div class='entry-content-wrapper clearfix'>\n<div style='height:1px; margin-top:-250px'  class='hr hr-invisible  '><span class='hr-inner ' ><span class='hr-inner-style'><\/span><\/span><\/div>\n<div style='padding-bottom:10px; color:#ffffff;font-size:55px;' class='av-special-heading av-special-heading-h1 custom-color-heading blockquote modern-quote modern-centered  av-thin-font av-inherit-size '><h1 class='av-special-heading-tag  av-small-font-size-overwrite av-small-font-size-30 av-mini-font-size-overwrite av-mini-font-size-30'  itemprop=\"headline\"  >Lab Mesk<br \/>\n<strong>Akredytowane Laboratorium Wzorcuj\u0105ce<\/strong><br \/>\nWzorcowanie przyrz\u0105d\u00f3w pomiarowych<\/h1><div class ='av-subheading av-subheading_below av_custom_color ' style='font-size:22px;'><p>Laboratorium posiada certyfikat akredytacji laboratorium wzorcuj\u0105cego nr <a href=\"https:\/\/www.pca.gov.pl\/akredytowane-podmioty\/akredytacje-aktywne\/laboratoria-wzorcujace\/AP%20171,podmiot.html\">AP 171<\/a> nadany przez Polskie Centrum Akredytacji.<\/p>\n<\/div><div class='special-heading-border'><div class='special-heading-inner-border' style='border-color:#ffffff'><\/div><\/div><\/div>\n<\/div><\/div><\/div><!-- close content main div --><\/div><\/div><\/div><div id='after_section_1' class='main_color av_default_container_wrap container_wrap sidebar_right'   ><div class='container' ><div class='template-page content  av-content-small alpha units'><div class='post-entry post-entry-type-page post-entry-11'><div class='entry-content-wrapper clearfix'><\/div><\/div><\/div><!-- close content main div --><\/div><\/div><div id='przyciski' class='avia-section main_color avia-section-default avia-no-border-styling avia-bg-style-scroll   container_wrap sidebar_right' style = 'background-image: '  ><div class='container' ><div class='template-page content  av-content-small alpha units'><div class='post-entry post-entry-type-page post-entry-11'><div class='entry-content-wrapper clearfix'>\n<div style='padding-bottom:10px; color:#23c9dd;font-size:40px;' class='av-special-heading av-special-heading-h2 custom-color-heading blockquote modern-quote modern-centered  av-inherit-size '><h2 class='av-special-heading-tag '  itemprop=\"headline\"  >Wykonujemy wzorcowania przyrz\u0105d\u00f3w pomiarowych<br \/>\nw nast\u0119puj\u0105cych dziedzinach:<\/h2><div class='special-heading-border'><div class='special-heading-inner-border' style='border-color:#23c9dd'><\/div><\/div><\/div>\n<div  class='hr hr-short hr-center  '><span class='hr-inner ' ><span class='hr-inner-style'><\/span><\/span><\/div>\n<div class=\"flex_column av_one_half  flex_column_div av-zero-column-padding first  \" style='border-radius:0px; '><p><div style='height:65px' class='hr hr-invisible  av-desktop-hide av-medium-hide av-small-hide '><span class='hr-inner ' ><span class='hr-inner-style'><\/span><\/span><\/div><br \/>\n<div class='avia-image-container  av-styling-    avia-align-center '  itemprop=\"ImageObject\" itemscope=\"itemscope\" itemtype=\"https:\/\/schema.org\/ImageObject\"  ><div class='avia-image-container-inner'><div class='avia-image-overlay-wrap'><a href='https:\/\/labmesk.pl\/wordpress\/oferta\/dlugosc-i-kat\/' class='avia_image'  ><img class='avia_image ' src='https:\/\/labmesk.pl\/wordpress\/wp-content\/uploads\/2018\/01\/measuring1.png' alt='D\u0142ugo\u015b\u0107 i k\u0105t' title='measuring1'  itemprop=\"thumbnailUrl\"  \/><\/a><\/div><\/div><\/div><br \/>\n<div style='padding-bottom:10px; color:#23285f;font-size:30px;' class='av-special-heading av-special-heading-h3 custom-color-heading blockquote modern-quote modern-centered   av-inherit-size '><h3 class='av-special-heading-tag '  itemprop=\"headline\"  ><a href=\"http:\/\/labmesk.pl\/wordpress\/index.php\/oferta\/dlugosc-i-kat\/\">D\u0142ugo\u015b\u0107 i k\u0105t<\/a><\/h3><div class='special-heading-border'><div class='special-heading-inner-border' style='border-color:#23285f'><\/div><\/div><\/div><br \/>\n<section class=\"av_textblock_section \"  itemscope=\"itemscope\" itemtype=\"https:\/\/schema.org\/CreativeWork\" ><div class='avia_textblock  '   itemprop=\"text\" ><p style=\"text-align: center;\">wzorcowanie przyrz\u0105d\u00f3w suwmiarkowych, przyrz\u0105d\u00f3w mikrometrycznych, czujnik\u00f3w cyfrowych i analogowych, pier\u015bcieni, \u015brednic\u00f3wek, sprawdzian\u00f3w gwintowych oraz sprawdzian\u00f3w g\u0142adkich<\/p>\n<\/div><\/section><br \/>\n<div class='avia-button-wrap avia-button-center '><a href='https:\/\/labmesk.pl\/wordpress\/oferta\/dlugosc-i-kat\/'  class='avia-button   avia-icon_select-no avia-color-theme-color avia-size-medium avia-position-center '   ><span class='avia_iconbox_title' >wi\u0119cej<\/span><\/a><\/div><\/p><\/div><div class=\"flex_column av_one_half  flex_column_div av-zero-column-padding   \" style='border-radius:0px; '><p><div style='height:65px' class='hr hr-invisible  av-desktop-hide av-medium-hide av-small-hide '><span class='hr-inner ' ><span class='hr-inner-style'><\/span><\/span><\/div><br \/>\n<div class='avia-image-container  av-styling-    avia-align-center '  itemprop=\"ImageObject\" itemscope=\"itemscope\" itemtype=\"https:\/\/schema.org\/ImageObject\"  ><div class='avia-image-container-inner'><div class='avia-image-overlay-wrap'><a href='https:\/\/labmesk.pl\/wordpress\/oferta\/wzorcowanie-kluczy\/' class='avia_image'  ><img class='avia_image ' src='https:\/\/labmesk.pl\/wordpress\/wp-content\/uploads\/2018\/01\/measuring-tools4-1.png' alt='Moment si\u0142y' title='measuring-tools4'  itemprop=\"thumbnailUrl\"  \/><\/a><\/div><\/div><\/div><br \/>\n<div style='padding-bottom:10px; color:#23285f;font-size:30px;' class='av-special-heading av-special-heading-h3 custom-color-heading blockquote modern-quote modern-centered   av-inherit-size '><h3 class='av-special-heading-tag '  itemprop=\"headline\"  ><a href=\"http:\/\/labmesk.pl\/wordpress\/index.php\/oferta\/moment-sily-i-sila\/\">Moment si\u0142y i si\u0142a<\/a><\/h3><div class='special-heading-border'><div class='special-heading-inner-border' style='border-color:#23285f'><\/div><\/div><\/div><br \/>\n<section class=\"av_textblock_section \"  itemscope=\"itemscope\" itemtype=\"https:\/\/schema.org\/CreativeWork\" ><div class='avia_textblock  '   itemprop=\"text\" ><p style=\"text-align: center;\">wzorcowanie kluczy dynamometrycznych, wkr\u0119tak\u00f3w dynamometrycznych oraz dynamometr\u00f3w teletechnicznych<\/p>\n<\/div><\/section><br \/>\n<div class='avia-button-wrap avia-button-center '><a href='https:\/\/labmesk.pl\/wordpress\/oferta\/wzorcowanie-kluczy\/'  class='avia-button   avia-icon_select-no avia-color-theme-color avia-size-medium avia-position-center '   ><span class='avia_iconbox_title' >wi\u0119cej<\/span><\/a><\/div><\/p><\/div><div style='height:100px' class='hr hr-invisible  '><span class='hr-inner ' ><span class='hr-inner-style'><\/span><\/span><\/div>\n<\/div><\/div><\/div><!-- close content main div --><\/div><\/div><div id='after_section_2' class='main_color av_default_container_wrap container_wrap sidebar_right'   ><div class='container' ><div class='template-page content  av-content-small alpha units'><div class='post-entry post-entry-type-page post-entry-11'><div class='entry-content-wrapper clearfix'><\/p>\n<\/div><\/div><\/div><!-- close content main div --><\/div><\/div><div id='av_section_3' class='avia-section main_color avia-section-default avia-no-border-styling avia-bg-style-scroll   container_wrap sidebar_right' style = 'background-image: '  ><div class='container' ><div class='template-page content  av-content-small alpha units'><div class='post-entry post-entry-type-page post-entry-11'><div class='entry-content-wrapper clearfix'>\n<section class=\"av_textblock_section \"  itemscope=\"itemscope\" itemtype=\"https:\/\/schema.org\/CreativeWork\" ><div class='avia_textblock  av_inherit_color '  style='font-size:30px; color:#969696; '  itemprop=\"text\" ><p style=\"text-align: center;\">Laboratorium posiada wdro\u017cony system zarz\u0105dzania jako\u015bci\u0105 oraz wykonuje swoje us\u0142ugi zgodnie z wymaganiami normy PN-EN ISO\/IEC 17025.<\/p>\n<\/div><\/section>\n<\/div><\/div><\/div><!-- close content main div --><\/div><\/div><div id='after_section_3' class='main_color av_default_container_wrap container_wrap sidebar_right'   ><div class='container' ><div class='template-page content  av-content-small alpha units'><div class='post-entry post-entry-type-page post-entry-11'><div class='entry-content-wrapper clearfix'>\n<\/div><\/div><\/div><!-- close content main div --><\/div><\/div><div id='av_section_4' class='avia-section main_color avia-section-default avia-no-border-styling avia-bg-style-scroll   container_wrap sidebar_right' style = 'background-color: #23285f; background-image: '  ><div class='container' ><div class='template-page content  av-content-small alpha units'><div class='post-entry post-entry-type-page post-entry-11'><div class='entry-content-wrapper clearfix'>\n<div style='padding-bottom:10px; color:#3ed2e3;font-size:35px;' class='av-special-heading av-special-heading-h4 custom-color-heading blockquote modern-quote modern-centered   av-thin-font av-inherit-size '><h4 class='av-special-heading-tag '  itemprop=\"headline\"  >Masz pytania? <strong>Napisz do nas:<\/h4><div class='special-heading-border'><div class='special-heading-inner-border' style='border-color:#3ed2e3'><\/div><\/div><\/div><\/strong><\/p>\n<section class=\"av_textblock_section \"  itemscope=\"itemscope\" itemtype=\"https:\/\/schema.org\/CreativeWork\" ><div class='avia_textblock  av_inherit_color '  style='font-size:24px; color:#3ed2e3; '  itemprop=\"text\" ><p style=\"text-align: center;\"><a href=\"http:\/\/labmesk.pl\/kontakt\">Kontakt<\/a><\/p>\n<\/div><\/section>\n<\/div><\/div><\/div><!-- close content main div --><\/div><\/div><div id='after_section_4' class='main_color av_default_container_wrap container_wrap sidebar_right'   ><div class='container' ><div class='template-page content  av-content-small alpha units'><div class='post-entry post-entry-type-page post-entry-11'><div class='entry-content-wrapper clearfix'>\n","protected":false},"excerpt":{"rendered":"","protected":false},"author":2,"featured_media":0,"parent":0,"menu_order":0,"comment_status":"closed","ping_status":"closed","template":"","meta":{"footnotes":""},"class_list":["post-11","page","type-page","status-publish","hentry"],"yoast_head":"<!-- This site is optimized with the Yoast SEO plugin v26.0 - https:\/\/yoast.com\/wordpress\/plugins\/seo\/ -->\n<title>Lab Mesk - Wzorcowanie przyrz\u0105d\u00f3w pomiarowych<\/title>\n<meta name=\"description\" content=\"Akredytowane laboratorium wzorcuj\u0105ce. Wykonujemy wzorcowanie przyrz\u0105d\u00f3w pomiarowych w dziedzinie wielko\u015bci geometrycznych oraz momentu si\u0142y.\" \/>\n<meta name=\"robots\" content=\"index, follow, max-snippet:-1, max-image-preview:large, max-video-preview:-1\" \/>\n<link rel=\"canonical\" href=\"https:\/\/labmesk.pl\/wordpress\/\" \/>\n<meta property=\"og:locale\" content=\"pl_PL\" \/>\n<meta property=\"og:type\" content=\"article\" \/>\n<meta property=\"og:title\" content=\"Lab Mesk - Wzorcowanie przyrz\u0105d\u00f3w pomiarowych\" \/>\n<meta property=\"og:description\" content=\"Akredytowane laboratorium wzorcuj\u0105ce. Wykonujemy wzorcowanie przyrz\u0105d\u00f3w pomiarowych w dziedzinie wielko\u015bci geometrycznych oraz momentu si\u0142y.\" \/>\n<meta property=\"og:url\" content=\"https:\/\/labmesk.pl\/wordpress\/\" \/>\n<meta property=\"og:site_name\" content=\"Lab Mesk\" \/>\n<meta property=\"article:modified_time\" content=\"2025-06-10T11:27:18+00:00\" \/>\n<meta name=\"twitter:card\" content=\"summary_large_image\" \/>\n<meta name=\"twitter:label1\" content=\"Szacowany czas czytania\" \/>\n\t<meta name=\"twitter:data1\" content=\"4 minuty\" \/>\n<script type=\"application\/ld+json\" class=\"yoast-schema-graph\">{\"@context\":\"https:\/\/schema.org\",\"@graph\":[{\"@type\":\"WebPage\",\"@id\":\"https:\/\/labmesk.pl\/wordpress\/\",\"url\":\"https:\/\/labmesk.pl\/wordpress\/\",\"name\":\"Lab Mesk - Wzorcowanie przyrz\u0105d\u00f3w pomiarowych\",\"isPartOf\":{\"@id\":\"https:\/\/labmesk.pl\/wordpress\/#website\"},\"datePublished\":\"2018-01-25T10:28:48+00:00\",\"dateModified\":\"2025-06-10T11:27:18+00:00\",\"description\":\"Akredytowane laboratorium wzorcuj\u0105ce. Wykonujemy wzorcowanie przyrz\u0105d\u00f3w pomiarowych w dziedzinie wielko\u015bci geometrycznych oraz momentu si\u0142y.\",\"breadcrumb\":{\"@id\":\"https:\/\/labmesk.pl\/wordpress\/#breadcrumb\"},\"inLanguage\":\"pl-PL\",\"potentialAction\":[{\"@type\":\"ReadAction\",\"target\":[\"https:\/\/labmesk.pl\/wordpress\/\"]}]},{\"@type\":\"BreadcrumbList\",\"@id\":\"https:\/\/labmesk.pl\/wordpress\/#breadcrumb\",\"itemListElement\":[{\"@type\":\"ListItem\",\"position\":1,\"name\":\"Strona g\u0142\u00f3wna\",\"item\":\"https:\/\/labmesk.pl\/wordpress\/\"},{\"@type\":\"ListItem\",\"position\":2,\"name\":\"Strona g\u0142owna\"}]},{\"@type\":\"WebSite\",\"@id\":\"https:\/\/labmesk.pl\/wordpress\/#website\",\"url\":\"https:\/\/labmesk.pl\/wordpress\/\",\"name\":\"Lab Mesk\",\"description\":\"Akredytowane Laboratorium Wzorcuj\u0105ce\",\"publisher\":{\"@id\":\"https:\/\/labmesk.pl\/wordpress\/#organization\"},\"potentialAction\":[{\"@type\":\"SearchAction\",\"target\":{\"@type\":\"EntryPoint\",\"urlTemplate\":\"https:\/\/labmesk.pl\/wordpress\/?s={search_term_string}\"},\"query-input\":{\"@type\":\"PropertyValueSpecification\",\"valueRequired\":true,\"valueName\":\"search_term_string\"}}],\"inLanguage\":\"pl-PL\"},{\"@type\":\"Organization\",\"@id\":\"https:\/\/labmesk.pl\/wordpress\/#organization\",\"name\":\"LAB MESK Eugeniusz Stepnowski\",\"url\":\"https:\/\/labmesk.pl\/wordpress\/\",\"logo\":{\"@type\":\"ImageObject\",\"inLanguage\":\"pl-PL\",\"@id\":\"https:\/\/labmesk.pl\/wordpress\/#\/schema\/logo\/image\/\",\"url\":\"https:\/\/labmesk.pl\/wordpress\/wp-content\/uploads\/2018\/01\/logo.png\",\"contentUrl\":\"https:\/\/labmesk.pl\/wordpress\/wp-content\/uploads\/2018\/01\/logo.png\",\"width\":337,\"height\":192,\"caption\":\"LAB MESK Eugeniusz Stepnowski\"},\"image\":{\"@id\":\"https:\/\/labmesk.pl\/wordpress\/#\/schema\/logo\/image\/\"}}]}<\/script>\n<!-- \/ Yoast SEO plugin. -->","yoast_head_json":{"title":"Lab Mesk - Wzorcowanie przyrz\u0105d\u00f3w pomiarowych","description":"Akredytowane laboratorium wzorcuj\u0105ce. Wykonujemy wzorcowanie przyrz\u0105d\u00f3w pomiarowych w dziedzinie wielko\u015bci geometrycznych oraz momentu si\u0142y.","robots":{"index":"index","follow":"follow","max-snippet":"max-snippet:-1","max-image-preview":"max-image-preview:large","max-video-preview":"max-video-preview:-1"},"canonical":"https:\/\/labmesk.pl\/wordpress\/","og_locale":"pl_PL","og_type":"article","og_title":"Lab Mesk - Wzorcowanie przyrz\u0105d\u00f3w pomiarowych","og_description":"Akredytowane laboratorium wzorcuj\u0105ce. Wykonujemy wzorcowanie przyrz\u0105d\u00f3w pomiarowych w dziedzinie wielko\u015bci geometrycznych oraz momentu si\u0142y.","og_url":"https:\/\/labmesk.pl\/wordpress\/","og_site_name":"Lab Mesk","article_modified_time":"2025-06-10T11:27:18+00:00","twitter_card":"summary_large_image","twitter_misc":{"Szacowany czas czytania":"4 minuty"},"schema":{"@context":"https:\/\/schema.org","@graph":[{"@type":"WebPage","@id":"https:\/\/labmesk.pl\/wordpress\/","url":"https:\/\/labmesk.pl\/wordpress\/","name":"Lab Mesk - Wzorcowanie przyrz\u0105d\u00f3w pomiarowych","isPartOf":{"@id":"https:\/\/labmesk.pl\/wordpress\/#website"},"datePublished":"2018-01-25T10:28:48+00:00","dateModified":"2025-06-10T11:27:18+00:00","description":"Akredytowane laboratorium wzorcuj\u0105ce. Wykonujemy wzorcowanie przyrz\u0105d\u00f3w pomiarowych w dziedzinie wielko\u015bci geometrycznych oraz momentu si\u0142y.","breadcrumb":{"@id":"https:\/\/labmesk.pl\/wordpress\/#breadcrumb"},"inLanguage":"pl-PL","potentialAction":[{"@type":"ReadAction","target":["https:\/\/labmesk.pl\/wordpress\/"]}]},{"@type":"BreadcrumbList","@id":"https:\/\/labmesk.pl\/wordpress\/#breadcrumb","itemListElement":[{"@type":"ListItem","position":1,"name":"Strona g\u0142\u00f3wna","item":"https:\/\/labmesk.pl\/wordpress\/"},{"@type":"ListItem","position":2,"name":"Strona g\u0142owna"}]},{"@type":"WebSite","@id":"https:\/\/labmesk.pl\/wordpress\/#website","url":"https:\/\/labmesk.pl\/wordpress\/","name":"Lab Mesk","description":"Akredytowane Laboratorium Wzorcuj\u0105ce","publisher":{"@id":"https:\/\/labmesk.pl\/wordpress\/#organization"},"potentialAction":[{"@type":"SearchAction","target":{"@type":"EntryPoint","urlTemplate":"https:\/\/labmesk.pl\/wordpress\/?s={search_term_string}"},"query-input":{"@type":"PropertyValueSpecification","valueRequired":true,"valueName":"search_term_string"}}],"inLanguage":"pl-PL"},{"@type":"Organization","@id":"https:\/\/labmesk.pl\/wordpress\/#organization","name":"LAB MESK Eugeniusz Stepnowski","url":"https:\/\/labmesk.pl\/wordpress\/","logo":{"@type":"ImageObject","inLanguage":"pl-PL","@id":"https:\/\/labmesk.pl\/wordpress\/#\/schema\/logo\/image\/","url":"https:\/\/labmesk.pl\/wordpress\/wp-content\/uploads\/2018\/01\/logo.png","contentUrl":"https:\/\/labmesk.pl\/wordpress\/wp-content\/uploads\/2018\/01\/logo.png","width":337,"height":192,"caption":"LAB MESK Eugeniusz Stepnowski"},"image":{"@id":"https:\/\/labmesk.pl\/wordpress\/#\/schema\/logo\/image\/"}}]}},"_links":{"self":[{"href":"https:\/\/labmesk.pl\/wordpress\/wp-json\/wp\/v2\/pages\/11","targetHints":{"allow":["GET"]}}],"collection":[{"href":"https:\/\/labmesk.pl\/wordpress\/wp-json\/wp\/v2\/pages"}],"about":[{"href":"https:\/\/labmesk.pl\/wordpress\/wp-json\/wp\/v2\/types\/page"}],"author":[{"embeddable":true,"href":"https:\/\/labmesk.pl\/wordpress\/wp-json\/wp\/v2\/users\/2"}],"replies":[{"embeddable":true,"href":"https:\/\/labmesk.pl\/wordpress\/wp-json\/wp\/v2\/comments?post=11"}],"version-history":[{"count":104,"href":"https:\/\/labmesk.pl\/wordpress\/wp-json\/wp\/v2\/pages\/11\/revisions"}],"predecessor-version":[{"id":394,"href":"https:\/\/labmesk.pl\/wordpress\/wp-json\/wp\/v2\/pages\/11\/revisions\/394"}],"wp:attachment":[{"href":"https:\/\/labmesk.pl\/wordpress\/wp-json\/wp\/v2\/media?parent=11"}],"curies":[{"name":"wp","href":"https:\/\/api.w.org\/{rel}","templated":true}]}}